{"id":1233,"date":"2018-10-22T12:46:09","date_gmt":"2018-10-22T12:46:09","guid":{"rendered":"https:\/\/magitech.alwynstudio.com.au\/cn\/product\/import-placeholder-for-2343\/"},"modified":"2018-11-03T07:33:01","modified_gmt":"2018-11-03T07:33:01","slug":"for-vermeerdwcase-rigs","status":"publish","type":"product","link":"https:\/\/www.magitech.com.tw\/cn\/product\/for-vermeerdwcase-rigs\/","title":{"rendered":"For Vermeer,DW,Case Rigs \u947d\u687f"},"content":{"rendered":"<table width=\"728\">\n<tbody>\n<tr>\n<td rowspan=\"4\">Rig Brand<\/td>\n<td rowspan=\"4\">Mode<\/td>\n<td colspan=\"5\" rowspan=\"2\">Size of rod<\/td>\n<td width=\"0\"><\/td>\n<\/tr>\n<tr>\n<td width=\"0\"><\/td>\n<\/tr>\n<tr>\n<td>OD<\/td>\n<td>Wall Thickness<\/td>\n<td>Upset Diameter<\/td>\n<td>Length<\/td>\n<td>Weight<\/td>\n<td width=\"0\"><\/td>\n<\/tr>\n<tr>\n<td>(mm)<\/td>\n<td>(mm)<\/td>\n<td>(mm)<\/td>\n<td>(m)<\/td>\n<td>( kg)<\/td>\n<td width=\"0\"><\/td>\n<\/tr>\n<tr>\n<td rowspan=\"9\">Vermeer<\/td>\n<td>D16\u00d720A,D18\u00d722,D16\u00d720 Series \u2161<\/td>\n<td>50<\/td>\n<td>6.5<\/td>\n<td>57<\/td>\n<td>3.048<\/td>\n<td>23.5<\/td>\n<td width=\"0\"><\/td>\n<\/tr>\n<tr>\n<td>D24\u00d740,D24\u00d740A,D24\u00d740 Series \u2161<\/td>\n<td>60<\/td>\n<td>7.5<\/td>\n<td>66.7<\/td>\n<td>3.048<\/td>\n<td>35<\/td>\n<td width=\"0\"><\/td>\n<\/tr>\n<tr>\n<td>D33\u00d744, D36\u00d750,D36\u00d750 Series \u2161<\/td>\n<td>60<\/td>\n<td>7.5<\/td>\n<td>70<\/td>\n<td>3.048<\/td>\n<td>36<\/td>\n<td width=\"0\"><\/td>\n<\/tr>\n<tr>\n<td>D33\u00d744, D36\u00d750,D36\u00d750 Series \u2161<\/td>\n<td>60<\/td>\n<td>7.5<\/td>\n<td>70<\/td>\n<td>4.572<\/td>\n<td>51<\/td>\n<td width=\"0\"><\/td>\n<\/tr>\n<tr>\n<td>D50\u00d7100,D50\u00d7100A,D60\u00d790<\/td>\n<td>73<\/td>\n<td>10<\/td>\n<td>83<\/td>\n<td>3.048<\/td>\n<td>55<\/td>\n<td width=\"0\"><\/td>\n<\/tr>\n<tr>\n<td>D50\u00d7100,D50\u00d7100A,D60\u00d790<\/td>\n<td>73<\/td>\n<td>10<\/td>\n<td>83<\/td>\n<td>4.572<\/td>\n<td>78<\/td>\n<td width=\"0\"><\/td>\n<\/tr>\n<tr>\n<td>D80\u00d7100<\/td>\n<td>89<\/td>\n<td>10<\/td>\n<td>92<\/td>\n<td>4.572<\/td>\n<td>96<\/td>\n<td width=\"0\"><\/td>\n<\/tr>\n<tr>\n<td>D100\u00d7120<\/td>\n<td>89<\/td>\n<td>10<\/td>\n<td>104<\/td>\n<td>4.572<\/td>\n<td>100<\/td>\n<td width=\"0\"><\/td>\n<\/tr>\n<tr>\n<td>D100\u00d7120<\/td>\n<td>89<\/td>\n<td>10<\/td>\n<td>104<\/td>\n<td>6.096<\/td>\n<td>130<\/td>\n<td width=\"0\"><\/td>\n<\/tr>\n<tr>\n<td rowspan=\"5\">Ditch Witch<\/td>\n<td>Ditch Witch JT1720<\/td>\n<td>52<\/td>\n<td>6.5<\/td>\n<td>57<\/td>\n<td>3.048<\/td>\n<td>25<\/td>\n<td width=\"0\"><\/td>\n<\/tr>\n<tr>\n<td>Ditch Witch JT2020<\/td>\n<td>60<\/td>\n<td>7.5<\/td>\n<td>66.7<\/td>\n<td>3.048<\/td>\n<td>35<\/td>\n<td width=\"0\"><\/td>\n<\/tr>\n<tr>\n<td>Ditch Witch JT2720<\/td>\n<td>60<\/td>\n<td>7.5<\/td>\n<td>70<\/td>\n<td>3.048<\/td>\n<td>36<\/td>\n<td width=\"0\"><\/td>\n<\/tr>\n<tr>\n<td>Ditch Witch JT4020<\/td>\n<td>73<\/td>\n<td>9.19<\/td>\n<td>78\/82<\/td>\n<td>4.5<\/td>\n<td>79\/80<\/td>\n<td width=\"0\"><\/td>\n<\/tr>\n<tr>\n<td>Ditch Witch JT7020<\/td>\n<td>89<\/td>\n<td>9.35<\/td>\n<td>101.6<\/td>\n<td>4.5~6<\/td>\n<td>98<\/td>\n<td width=\"0\"><\/td>\n<\/tr>\n<tr>\n<td rowspan=\"2\">Case<\/td>\n<td>Case 6030<\/td>\n<td>60<\/td>\n<td>7.5<\/td>\n<td>66.7<\/td>\n<td>3.048<\/td>\n<td>35<\/td>\n<td width=\"0\"><\/td>\n<\/tr>\n<tr>\n<td>Case 6060<\/td>\n<td>89<\/td>\n<td>10<\/td>\n<td>100<\/td>\n<td>4572<\/td>\n<td>100<\/td>\n<td width=\"0\"><\/td>\n<\/tr>\n<\/tbody>\n<\/table>\n<p>&nbsp;<\/p>\n","protected":false},"excerpt":{"rendered":"<p>Rig Brand Mode Size &hellip;<\/p>\n","protected":false},"featured_media":1337,"template":"","meta":[],"product_cat":[81],"product_tag":[],"yoast_head":"<!-- This site is optimized with the Yoast SEO plugin v19.1 - https:\/\/yoast.com\/wordpress\/plugins\/seo\/ -->\n<title>For Vermeer,DW,Case Rigs \u947d\u687f - \u7f8e\u9321\u570b\u969b\u80a1\u4efd\u6709\u9650\u516c\u53f8<\/title>\n<meta name=\"robots\" content=\"index, follow, max-snippet:-1, max-image-preview:large, max-video-preview:-1\" \/>\n<link rel=\"canonical\" href=\"https:\/\/www.magitech.com.tw\/cn\/product\/for-vermeerdwcase-rigs\/\" \/>\n<meta property=\"og:locale\" content=\"zh_TW\" \/>\n<meta property=\"og:type\" content=\"article\" \/>\n<meta property=\"og:title\" content=\"For Vermeer,DW,Case Rigs \u947d\u687f - \u7f8e\u9321\u570b\u969b\u80a1\u4efd\u6709\u9650\u516c\u53f8\" \/>\n<meta property=\"og:description\" content=\"Rig Brand Mode Size &hellip;\" \/>\n<meta property=\"og:url\" content=\"https:\/\/www.magitech.com.tw\/cn\/product\/for-vermeerdwcase-rigs\/\" \/>\n<meta property=\"og:site_name\" content=\"\u7f8e\u9321\u570b\u969b\u80a1\u4efd\u6709\u9650\u516c\u53f8\" \/>\n<meta property=\"article:modified_time\" content=\"2018-11-03T07:33:01+00:00\" \/>\n<meta property=\"og:image\" content=\"https:\/\/www.magitech.com.tw\/cn\/wp-content\/uploads\/sites\/2\/2018\/10\/ForVermeer_big.jpg\" \/>\n\t<meta property=\"og:image:width\" content=\"448\" \/>\n\t<meta property=\"og:image:height\" content=\"335\" \/>\n\t<meta property=\"og:image:type\" content=\"image\/jpeg\" \/>\n<meta name=\"twitter:card\" content=\"summary_large_image\" \/>\n<script type=\"application\/ld+json\" class=\"yoast-schema-graph\">{\"@context\":\"https:\/\/schema.org\",\"@graph\":[{\"@type\":\"Organization\",\"@id\":\"https:\/\/www.magitech.com.tw\/cn\/#organization\",\"name\":\"\u7f8e\u9321\u570b\u969b\u80a1\u4efd\u6709\u9650\u516c\u53f8\",\"url\":\"https:\/\/www.magitech.com.tw\/cn\/\",\"sameAs\":[],\"logo\":{\"@type\":\"ImageObject\",\"inLanguage\":\"zh-TW\",\"@id\":\"https:\/\/www.magitech.com.tw\/cn\/#\/schema\/logo\/image\/\",\"url\":\"https:\/\/www.magitech.com.tw\/cn\/wp-content\/uploads\/sites\/2\/2018\/11\/magi-tech-logo.png\",\"contentUrl\":\"https:\/\/www.magitech.com.tw\/cn\/wp-content\/uploads\/sites\/2\/2018\/11\/magi-tech-logo.png\",\"width\":500,\"height\":76,\"caption\":\"\u7f8e\u9321\u570b\u969b\u80a1\u4efd\u6709\u9650\u516c\u53f8\"},\"image\":{\"@id\":\"https:\/\/www.magitech.com.tw\/cn\/#\/schema\/logo\/image\/\"}},{\"@type\":\"WebSite\",\"@id\":\"https:\/\/www.magitech.com.tw\/cn\/#website\",\"url\":\"https:\/\/www.magitech.com.tw\/cn\/\",\"name\":\"\u7f8e\u9321\u570b\u969b\u80a1\u4efd\u6709\u9650\u516c\u53f8\",\"description\":\"Hdd Drill Drilling Rig OMU Pumps Pipe Oil \u5730\u71b1\u947d\u6a5f \u5730\u71b1 geothermal\",\"publisher\":{\"@id\":\"https:\/\/www.magitech.com.tw\/cn\/#organization\"},\"potentialAction\":[{\"@type\":\"SearchAction\",\"target\":{\"@type\":\"EntryPoint\",\"urlTemplate\":\"https:\/\/www.magitech.com.tw\/cn\/?s={search_term_string}\"},\"query-input\":\"required name=search_term_string\"}],\"inLanguage\":\"zh-TW\"},{\"@type\":\"ImageObject\",\"inLanguage\":\"zh-TW\",\"@id\":\"https:\/\/www.magitech.com.tw\/cn\/product\/for-vermeerdwcase-rigs\/#primaryimage\",\"url\":\"https:\/\/www.magitech.com.tw\/cn\/wp-content\/uploads\/sites\/2\/2018\/10\/ForVermeer_big.jpg\",\"contentUrl\":\"https:\/\/www.magitech.com.tw\/cn\/wp-content\/uploads\/sites\/2\/2018\/10\/ForVermeer_big.jpg\",\"width\":448,\"height\":335},{\"@type\":\"WebPage\",\"@id\":\"https:\/\/www.magitech.com.tw\/cn\/product\/for-vermeerdwcase-rigs\/#webpage\",\"url\":\"https:\/\/www.magitech.com.tw\/cn\/product\/for-vermeerdwcase-rigs\/\",\"name\":\"For Vermeer,DW,Case Rigs \u947d\u687f - \u7f8e\u9321\u570b\u969b\u80a1\u4efd\u6709\u9650\u516c\u53f8\",\"isPartOf\":{\"@id\":\"https:\/\/www.magitech.com.tw\/cn\/#website\"},\"primaryImageOfPage\":{\"@id\":\"https:\/\/www.magitech.com.tw\/cn\/product\/for-vermeerdwcase-rigs\/#primaryimage\"},\"datePublished\":\"2018-10-22T12:46:09+00:00\",\"dateModified\":\"2018-11-03T07:33:01+00:00\",\"breadcrumb\":{\"@id\":\"https:\/\/www.magitech.com.tw\/cn\/product\/for-vermeerdwcase-rigs\/#breadcrumb\"},\"inLanguage\":\"zh-TW\",\"potentialAction\":[{\"@type\":\"ReadAction\",\"target\":[\"https:\/\/www.magitech.com.tw\/cn\/product\/for-vermeerdwcase-rigs\/\"]}]},{\"@type\":\"BreadcrumbList\",\"@id\":\"https:\/\/www.magitech.com.tw\/cn\/product\/for-vermeerdwcase-rigs\/#breadcrumb\",\"itemListElement\":[{\"@type\":\"ListItem\",\"position\":1,\"name\":\"\u9996\u9801\",\"item\":\"https:\/\/www.magitech.com.tw\/cn\/\"},{\"@type\":\"ListItem\",\"position\":2,\"name\":\"\u7522\u54c1\u4ecb\u7d39\",\"item\":\"https:\/\/www.magitech.com.tw\/cn\/shop\/\"},{\"@type\":\"ListItem\",\"position\":3,\"name\":\"For Vermeer,DW,Case Rigs \u947d\u687f\"}]}]}<\/script>\n<!-- \/ Yoast SEO plugin. -->","yoast_head_json":{"title":"For Vermeer,DW,Case Rigs \u947d\u687f - \u7f8e\u9321\u570b\u969b\u80a1\u4efd\u6709\u9650\u516c\u53f8","robots":{"index":"index","follow":"follow","max-snippet":"max-snippet:-1","max-image-preview":"max-image-preview:large","max-video-preview":"max-video-preview:-1"},"canonical":"https:\/\/www.magitech.com.tw\/cn\/product\/for-vermeerdwcase-rigs\/","og_locale":"zh_TW","og_type":"article","og_title":"For Vermeer,DW,Case Rigs \u947d\u687f - \u7f8e\u9321\u570b\u969b\u80a1\u4efd\u6709\u9650\u516c\u53f8","og_description":"Rig Brand Mode Size &hellip;","og_url":"https:\/\/www.magitech.com.tw\/cn\/product\/for-vermeerdwcase-rigs\/","og_site_name":"\u7f8e\u9321\u570b\u969b\u80a1\u4efd\u6709\u9650\u516c\u53f8","article_modified_time":"2018-11-03T07:33:01+00:00","og_image":[{"width":448,"height":335,"url":"https:\/\/www.magitech.com.tw\/cn\/wp-content\/uploads\/sites\/2\/2018\/10\/ForVermeer_big.jpg","type":"image\/jpeg"}],"twitter_card":"summary_large_image","schema":{"@context":"https:\/\/schema.org","@graph":[{"@type":"Organization","@id":"https:\/\/www.magitech.com.tw\/cn\/#organization","name":"\u7f8e\u9321\u570b\u969b\u80a1\u4efd\u6709\u9650\u516c\u53f8","url":"https:\/\/www.magitech.com.tw\/cn\/","sameAs":[],"logo":{"@type":"ImageObject","inLanguage":"zh-TW","@id":"https:\/\/www.magitech.com.tw\/cn\/#\/schema\/logo\/image\/","url":"https:\/\/www.magitech.com.tw\/cn\/wp-content\/uploads\/sites\/2\/2018\/11\/magi-tech-logo.png","contentUrl":"https:\/\/www.magitech.com.tw\/cn\/wp-content\/uploads\/sites\/2\/2018\/11\/magi-tech-logo.png","width":500,"height":76,"caption":"\u7f8e\u9321\u570b\u969b\u80a1\u4efd\u6709\u9650\u516c\u53f8"},"image":{"@id":"https:\/\/www.magitech.com.tw\/cn\/#\/schema\/logo\/image\/"}},{"@type":"WebSite","@id":"https:\/\/www.magitech.com.tw\/cn\/#website","url":"https:\/\/www.magitech.com.tw\/cn\/","name":"\u7f8e\u9321\u570b\u969b\u80a1\u4efd\u6709\u9650\u516c\u53f8","description":"Hdd Drill Drilling Rig OMU Pumps Pipe Oil \u5730\u71b1\u947d\u6a5f \u5730\u71b1 geothermal","publisher":{"@id":"https:\/\/www.magitech.com.tw\/cn\/#organization"},"potentialAction":[{"@type":"SearchAction","target":{"@type":"EntryPoint","urlTemplate":"https:\/\/www.magitech.com.tw\/cn\/?s={search_term_string}"},"query-input":"required name=search_term_string"}],"inLanguage":"zh-TW"},{"@type":"ImageObject","inLanguage":"zh-TW","@id":"https:\/\/www.magitech.com.tw\/cn\/product\/for-vermeerdwcase-rigs\/#primaryimage","url":"https:\/\/www.magitech.com.tw\/cn\/wp-content\/uploads\/sites\/2\/2018\/10\/ForVermeer_big.jpg","contentUrl":"https:\/\/www.magitech.com.tw\/cn\/wp-content\/uploads\/sites\/2\/2018\/10\/ForVermeer_big.jpg","width":448,"height":335},{"@type":"WebPage","@id":"https:\/\/www.magitech.com.tw\/cn\/product\/for-vermeerdwcase-rigs\/#webpage","url":"https:\/\/www.magitech.com.tw\/cn\/product\/for-vermeerdwcase-rigs\/","name":"For Vermeer,DW,Case Rigs \u947d\u687f - \u7f8e\u9321\u570b\u969b\u80a1\u4efd\u6709\u9650\u516c\u53f8","isPartOf":{"@id":"https:\/\/www.magitech.com.tw\/cn\/#website"},"primaryImageOfPage":{"@id":"https:\/\/www.magitech.com.tw\/cn\/product\/for-vermeerdwcase-rigs\/#primaryimage"},"datePublished":"2018-10-22T12:46:09+00:00","dateModified":"2018-11-03T07:33:01+00:00","breadcrumb":{"@id":"https:\/\/www.magitech.com.tw\/cn\/product\/for-vermeerdwcase-rigs\/#breadcrumb"},"inLanguage":"zh-TW","potentialAction":[{"@type":"ReadAction","target":["https:\/\/www.magitech.com.tw\/cn\/product\/for-vermeerdwcase-rigs\/"]}]},{"@type":"BreadcrumbList","@id":"https:\/\/www.magitech.com.tw\/cn\/product\/for-vermeerdwcase-rigs\/#breadcrumb","itemListElement":[{"@type":"ListItem","position":1,"name":"\u9996\u9801","item":"https:\/\/www.magitech.com.tw\/cn\/"},{"@type":"ListItem","position":2,"name":"\u7522\u54c1\u4ecb\u7d39","item":"https:\/\/www.magitech.com.tw\/cn\/shop\/"},{"@type":"ListItem","position":3,"name":"For Vermeer,DW,Case Rigs \u947d\u687f"}]}]}},"acf":[],"_links":{"self":[{"href":"https:\/\/www.magitech.com.tw\/cn\/wp-json\/wp\/v2\/product\/1233"}],"collection":[{"href":"https:\/\/www.magitech.com.tw\/cn\/wp-json\/wp\/v2\/product"}],"about":[{"href":"https:\/\/www.magitech.com.tw\/cn\/wp-json\/wp\/v2\/types\/product"}],"wp:featuredmedia":[{"embeddable":true,"href":"https:\/\/www.magitech.com.tw\/cn\/wp-json\/wp\/v2\/media\/1337"}],"wp:attachment":[{"href":"https:\/\/www.magitech.com.tw\/cn\/wp-json\/wp\/v2\/media?parent=1233"}],"wp:term":[{"taxonomy":"product_cat","embeddable":true,"href":"https:\/\/www.magitech.com.tw\/cn\/wp-json\/wp\/v2\/product_cat?post=1233"},{"taxonomy":"product_tag","embeddable":true,"href":"https:\/\/www.magitech.com.tw\/cn\/wp-json\/wp\/v2\/product_tag?post=1233"}],"curies":[{"name":"wp","href":"https:\/\/api.w.org\/{rel}","templated":true}]}}